{"id":348,"date":"2023-11-09T14:38:56","date_gmt":"2023-11-09T14:38:56","guid":{"rendered":"https:\/\/romax-firma.pl\/?page_id=348"},"modified":"2023-11-09T14:43:41","modified_gmt":"2023-11-09T14:43:41","slug":"garderoba","status":"publish","type":"page","link":"https:\/\/romax-firma.pl\/index.php\/meble-komandor\/garderoba\/","title":{"rendered":"GARDEROBA"},"content":{"rendered":"\t\t<div data-elementor-type=\"wp-page\" data-elementor-id=\"348\" class=\"elementor elementor-348\" data-elementor-post-type=\"page\">\n\t\t\t\t<div data-particle_enable=\"false\" data-particle-mobile-disabled=\"false\" class=\"elementor-element elementor-element-c3d6dcb e-flex e-con-boxed e-con e-parent\" data-id=\"c3d6dcb\" data-element_type=\"container\" data-settings=\"{&quot;background_background&quot;:&quot;classic&quot;}\">\n\t\t\t\t\t<div class=\"e-con-inner\">\n\t\t\t\t<div class=\"elementor-element elementor-element-2ea1144 elementor-widget elementor-widget-heading\" data-id=\"2ea1144\" data-element_type=\"widget\" data-widget_type=\"heading.default\">\n\t\t\t\t<div class=\"elementor-widget-container\">\n\t\t\t<h2 class=\"elementor-heading-title elementor-size-default\">GARDEROBA<\/h2>\t\t<\/div>\n\t\t\t\t<\/div>\n\t\t\t\t\t<\/div>\n\t\t\t\t<\/div>\n\t\t<div data-particle_enable=\"false\" data-particle-mobile-disabled=\"false\" class=\"elementor-element elementor-element-063436e e-flex e-con-boxed e-con e-parent\" data-id=\"063436e\" data-element_type=\"container\">\n\t\t\t\t\t<div class=\"e-con-inner\">\n\t\t\t\t<div class=\"elementor-element elementor-element-60035a7 elementor-widget elementor-widget-text-editor\" data-id=\"60035a7\" data-element_type=\"widget\" data-widget_type=\"text-editor.default\">\n\t\t\t\t<div class=\"elementor-widget-container\">\n\t\t\t\t\t\t\t<div class=\"et_pb_module et_pb_text et_pb_text_1 et_pb_bg_layout_light et_pb_text_align_left\"><div class=\"et_pb_text_inner\"><p>Garderob\u0119 mo\u017ce powsta\u0107 w ka\u017cdym pokoju i nie ma znaczenia czy jest on du\u017cy czy ma\u0142y. Wynika to z tego, \u017ce garderoby wykonywane s\u0105 na wymiar i tym samym s\u0105 funkcjonaln\u0105 zabudowie dowolnego k\u0105ta oraz wn\u0119ki. Garderob\u0105 mo\u017ce by\u0107 oddzielne pomieszczenie b\u0105d\u017a zabudowana wn\u0119ka, zale\u017cy to od klienta. W rzeczywisto\u015bci o wachlarzu pomys\u0142\u00f3w, decyduje pomieszczenie i przestrze\u0144, kt\u00f3re trzeba urz\u0105dzi\u0107. \u015awietne na garderob\u0119 s\u0105 ponadto pokoje pod skosem lub na poddaszu, kt\u00f3rych zaaran\u017cowanie jest dla domownik\u00f3w prawdziwa pr\u00f3b\u0105 si\u0142. Odizolowanie skosu \u015bciank\u0105 lub drzwiami daje naro\u017cnik, kt\u00f3ry wraz z pomoc\u0105 dr\u0105\u017ck\u00f3w i p\u00f3\u0142ek stanowi dobra propozycje na garderob\u0119.<\/p><p>Wsp\u00f3\u0142cze\u015bnie garderoba daje znacznie wi\u0119ksz\u0105 mo\u017cliwo\u015b\u0107 u\u017cytkowania, ni\u017c tylko gromadzenie w niej odzie\u017cy. W wielu przypadkach spe\u0142nia ona funkcj\u0119 pomieszczenia gospodarczego, gdzie znajdzie si\u0119 miejsce na desk\u0119 do prasowania, \u017celazko, odkurzacz czy inne rzeczy \u015bci\u015ble powi\u0105zane zwi\u0105zane z mieszkaniem. W uzale\u017cnieniu od wielko\u015bci garderoby bez zarzutu wydaje si\u0119 pomys\u0142 przygotowania w\u0142a\u015bciwego obszaru dla tego rodzaju rzeczy, kt\u00f3re bardzo cz\u0119sto nie maj\u0105 swojego miejsca w domu.<\/p><\/div><\/div>\t\t\t\t\t\t<\/div>\n\t\t\t\t<\/div>\n\t\t\t\t\t<\/div>\n\t\t\t\t<\/div>\n\t\t<div data-particle_enable=\"false\" data-particle-mobile-disabled=\"false\" class=\"elementor-element elementor-element-d1f6e0a e-flex e-con-boxed e-con e-parent\" data-id=\"d1f6e0a\" data-element_type=\"container\">\n\t\t\t\t\t<div class=\"e-con-inner\">\n\t\t\t\t<div class=\"elementor-element elementor-element-70d3208 elementor-widget elementor-widget-gallery\" data-id=\"70d3208\" data-element_type=\"widget\" data-settings=\"{&quot;gallery_layout&quot;:&quot;justified&quot;,&quot;ideal_row_height&quot;:{&quot;unit&quot;:&quot;px&quot;,&quot;size&quot;:130,&quot;sizes&quot;:[]},&quot;lazyload&quot;:&quot;yes&quot;,&quot;ideal_row_height_tablet&quot;:{&quot;unit&quot;:&quot;px&quot;,&quot;size&quot;:150,&quot;sizes&quot;:[]},&quot;ideal_row_height_mobile&quot;:{&quot;unit&quot;:&quot;px&quot;,&quot;size&quot;:150,&quot;sizes&quot;:[]},&quot;gap&quot;:{&quot;unit&quot;:&quot;px&quot;,&quot;size&quot;:10,&quot;sizes&quot;:[]},&quot;gap_tablet&quot;:{&quot;unit&quot;:&quot;px&quot;,&quot;size&quot;:10,&quot;sizes&quot;:[]},&quot;gap_mobile&quot;:{&quot;unit&quot;:&quot;px&quot;,&quot;size&quot;:10,&quot;sizes&quot;:[]},&quot;link_to&quot;:&quot;file&quot;,&quot;overlay_background&quot;:&quot;yes&quot;,&quot;content_hover_animation&quot;:&quot;fade-in&quot;}\" data-widget_type=\"gallery.default\">\n\t\t\t\t<div class=\"elementor-widget-container\">\n\t\t\t\t\t<div class=\"elementor-gallery__container\">\n\t\t\t\t\t\t\t<a class=\"e-gallery-item elementor-gallery-item elementor-animated-content\" href=\"https:\/\/romax-firma.pl\/wp-content\/uploads\/2023\/11\/garderoba1-1.jpg\" data-elementor-open-lightbox=\"yes\" data-elementor-lightbox-slideshow=\"70d3208\" data-elementor-lightbox-title=\"garderoba1-1\" data-e-action-hash=\"#elementor-action%3Aaction%3Dlightbox%26settings%3DeyJpZCI6MjAwLCJ1cmwiOiJodHRwczpcL1wvcm9tYXgtZmlybWEucGxcL3dwLWNvbnRlbnRcL3VwbG9hZHNcLzIwMjNcLzExXC9nYXJkZXJvYmExLTEuanBnIiwic2xpZGVzaG93IjoiNzBkMzIwOCJ9\">\n\t\t\t\t\t<div class=\"e-gallery-image elementor-gallery-item__image\" data-thumbnail=\"https:\/\/romax-firma.pl\/wp-content\/uploads\/2023\/11\/garderoba1-1.jpg\" data-width=\"1200\" data-height=\"860\" aria-label=\"\" role=\"img\" ><\/div>\n\t\t\t\t\t\t\t\t\t\t\t<div class=\"elementor-gallery-item__overlay\"><\/div>\n\t\t\t\t\t\t\t\t\t\t\t\t\t\t<\/a>\n\t\t\t\t\t\t\t<a class=\"e-gallery-item elementor-gallery-item elementor-animated-content\" href=\"https:\/\/romax-firma.pl\/wp-content\/uploads\/2023\/11\/garderoba2-1.jpg\" data-elementor-open-lightbox=\"yes\" data-elementor-lightbox-slideshow=\"70d3208\" data-elementor-lightbox-title=\"garderoba2-1\" data-e-action-hash=\"#elementor-action%3Aaction%3Dlightbox%26settings%3DeyJpZCI6MjAxLCJ1cmwiOiJodHRwczpcL1wvcm9tYXgtZmlybWEucGxcL3dwLWNvbnRlbnRcL3VwbG9hZHNcLzIwMjNcLzExXC9nYXJkZXJvYmEyLTEuanBnIiwic2xpZGVzaG93IjoiNzBkMzIwOCJ9\">\n\t\t\t\t\t<div class=\"e-gallery-image elementor-gallery-item__image\" data-thumbnail=\"https:\/\/romax-firma.pl\/wp-content\/uploads\/2023\/11\/garderoba2-1.jpg\" data-width=\"1200\" data-height=\"860\" aria-label=\"\" role=\"img\" ><\/div>\n\t\t\t\t\t\t\t\t\t\t\t<div class=\"elementor-gallery-item__overlay\"><\/div>\n\t\t\t\t\t\t\t\t\t\t\t\t\t\t<\/a>\n\t\t\t\t\t\t\t<a class=\"e-gallery-item elementor-gallery-item elementor-animated-content\" href=\"https:\/\/romax-firma.pl\/wp-content\/uploads\/2023\/11\/garderoba3-1.jpg\" data-elementor-open-lightbox=\"yes\" data-elementor-lightbox-slideshow=\"70d3208\" data-elementor-lightbox-title=\"garderoba3-1\" data-e-action-hash=\"#elementor-action%3Aaction%3Dlightbox%26settings%3DeyJpZCI6MjAyLCJ1cmwiOiJodHRwczpcL1wvcm9tYXgtZmlybWEucGxcL3dwLWNvbnRlbnRcL3VwbG9hZHNcLzIwMjNcLzExXC9nYXJkZXJvYmEzLTEuanBnIiwic2xpZGVzaG93IjoiNzBkMzIwOCJ9\">\n\t\t\t\t\t<div class=\"e-gallery-image elementor-gallery-item__image\" data-thumbnail=\"https:\/\/romax-firma.pl\/wp-content\/uploads\/2023\/11\/garderoba3-1.jpg\" data-width=\"1200\" data-height=\"860\" aria-label=\"\" role=\"img\" ><\/div>\n\t\t\t\t\t\t\t\t\t\t\t<div class=\"elementor-gallery-item__overlay\"><\/div>\n\t\t\t\t\t\t\t\t\t\t\t\t\t\t<\/a>\n\t\t\t\t\t\t\t<a class=\"e-gallery-item elementor-gallery-item elementor-animated-content\" href=\"https:\/\/romax-firma.pl\/wp-content\/uploads\/2023\/11\/garderoba4-1.jpg\" data-elementor-open-lightbox=\"yes\" data-elementor-lightbox-slideshow=\"70d3208\" data-elementor-lightbox-title=\"garderoba4-1\" data-e-action-hash=\"#elementor-action%3Aaction%3Dlightbox%26settings%3DeyJpZCI6MjAzLCJ1cmwiOiJodHRwczpcL1wvcm9tYXgtZmlybWEucGxcL3dwLWNvbnRlbnRcL3VwbG9hZHNcLzIwMjNcLzExXC9nYXJkZXJvYmE0LTEuanBnIiwic2xpZGVzaG93IjoiNzBkMzIwOCJ9\">\n\t\t\t\t\t<div class=\"e-gallery-image elementor-gallery-item__image\" data-thumbnail=\"https:\/\/romax-firma.pl\/wp-content\/uploads\/2023\/11\/garderoba4-1.jpg\" data-width=\"1200\" data-height=\"860\" aria-label=\"\" role=\"img\" ><\/div>\n\t\t\t\t\t\t\t\t\t\t\t<div class=\"elementor-gallery-item__overlay\"><\/div>\n\t\t\t\t\t\t\t\t\t\t\t\t\t\t<\/a>\n\t\t\t\t\t<\/div>\n\t\t\t<\/div>\n\t\t\t\t<\/div>\n\t\t\t\t\t<\/div>\n\t\t\t\t<\/div>\n\t\t<div data-particle_enable=\"false\" data-particle-mobile-disabled=\"false\" class=\"elementor-element elementor-element-432e3a4 e-flex e-con-boxed e-con e-parent\" data-id=\"432e3a4\" data-element_type=\"container\">\n\t\t\t\t\t<div class=\"e-con-inner\">\n\t\t\t\t<div class=\"elementor-element elementor-element-77e5044 elementor-widget elementor-widget-text-editor\" data-id=\"77e5044\" data-element_type=\"widget\" data-widget_type=\"text-editor.default\">\n\t\t\t\t<div class=\"elementor-widget-container\">\n\t\t\t\t\t\t\t<div class=\"et_pb_module et_pb_text et_pb_text_1 et_pb_bg_layout_light et_pb_text_align_left\"><div class=\"et_pb_text_inner\"><p><strong>Porady<\/strong><\/p><ul><li>Najlepszym rozwi\u0105zaniem wydaje si\u0119 umieszczenie garderoby obok sypialni i w zale\u017cno\u015bci od potrzeb odgrodzenie fragmentu tego pomieszczenia drzwiami przesuwanymi czy \u015bciank\u0105 kartonowo-gipsow\u0105, b\u0105d\u017a stworzenie kolejnego pokoju. Garderoba za \u015bciank\u0105 kartonowo-gipsow\u0105 tworzy ca\u0142o\u015b\u0107 pomieszczenia, a dost\u0119p do niej stanowi\u0107 mo\u017ce zarazem cz\u0119\u015b\u0107 aran\u017cacji wn\u0119trza. Ca\u0142okszta\u0142t podporz\u0105dkowany jest pomys\u0142om, stylowi i poczuciu pi\u0119kna u\u017cytkownik\u00f3w oraz zastosowanych tworzyw, ich barw i wzor\u00f3w.<\/li><li>Bardzo funkcjonalne wydaje si\u0119 wykorzystanie drzwi przesuwanych. Ich najwi\u0119kszym atutem jest to, \u017ce nie zajmuj\u0105 one miejsca podczas otwierania, gdy\u017c wsuwaj\u0105 si\u0119 do wn\u0119trza garderoby. Jako cz\u0119\u015b\u0107 wype\u0142nienia drzwi mo\u017cna zastosowa\u0107 lacobel, rattan, loom, lustro lub p\u0142yt\u0119 laminowan\u0105 w barwach pomieszczenia. Dla os\u00f3b lubi\u0105cych by\u0107 bli\u017cej natury i ekologi \u015bwietna propozycj\u0105 b\u0119d\u0105 drzwi wykonane z p\u0142yt rattanowych, loomowych lub bambusowych. Dzi\u0119ki wykorzystaniu drzwi z szyby mlecznej lub prze\u017aroczystego poliw\u0119glanu zyskujemy w pomieszczeniu przyjemny oraz zagadkowy klimat podczas, gdy w garderobie pal\u0105 si\u0119 \u015bwiat\u0142a.<\/li><li>Niezb\u0119dne jest zachowanie w\u0142a\u015bciwych odst\u0119p\u00f3w w garderobie mi\u0119dzy rega\u0142ami lub szafami. Przyjmuje si\u0119, \u017ce powinno to by\u0107 ok. 70cm, aby m\u00f3c swobodnie porusza\u0107 si\u0119 wewn\u0105trz garderoby. Dla tych, kt\u00f3rzy reflektuj\u0105 odmienne, bardziej a\u017curowe rozwi\u0105zania oferujemy w garderoby wykonane w systemie kolumnowym lub rurowym. Takie garderoby s\u0105 przestronne i bardzo nowoczesne. Profile i rurki w kolorze anody naturalnej (srebrne) doskonale kontrastuj\u0105 z p\u0142yt\u0105 i akcentuj\u0105 jej atuty estetyczne zw\u0142aszcza, je\u015bli jest to p\u0142yta o g\u0142\u0119bokiej strukturze przypominaj\u0105cej naturalne drewno. W garderobach stworzonych w systemach rurowym czy kolumnowym, kontenery z szufladami mog\u0105 spe\u0142nia\u0107 funkcje przeno\u015bne, maj\u0105c mo\u017cliwo\u015b\u0107 przesuwania ich z jednej strefy do drugiej, co daje mo\u017cliwo\u015b\u0107 w opcjonalny formie projektowa\u0107 wn\u0119trze.<\/li><li>System niklowanych dr\u0105\u017ck\u00f3w z wieszakami pozwoli nam na oddzielenie od siebie marynarek kostium\u00f3w od koszul i garsonek. W jakiejkolwiek formie jest mo\u017cliwe zaprojektowanie strefy na d\u0142ugie ubrania wierzchnie oraz inne wymagaj\u0105ce zawieszenia<\/li><li>Dobrym pomys\u0142em jest zamontowanie dr\u0105\u017ck\u00f3w na kr\u00f3tkie ubrania wisz\u0105ce na dw\u00f3ch poziomach, z zachowaniem odleg\u0142o\u015bci oko\u0142o 105 cm pomi\u0119dzy jednym i drugim.<\/li><li>Dr\u0105\u017cek na ubrania d\u0142ugie jak p\u0142aszcze czy sukienki nale\u017cy zamocowa\u0107 na wysoko\u015bci, co najmniej 180cm, \u017ceby sp\u00f3d ubrania nie le\u017ca\u0142 na ziemi.<\/li><li>W du\u017cych pomieszczeniach swoje zastosowanie znajd\u0105 pantografy, czyli dr\u0105\u017cki z uchwytem, kt\u00f3re umo\u017cliwi\u0105 ich opuszczenie na ni\u017cszy poziom i \u0142atwy dost\u0119p do wisz\u0105cych rzeczy. Pantografy s\u0105 pomocnym akcesorium dla niskich domownik\u00f3w lub os\u00f3b niepe\u0142nosprawnych, kt\u00f3rym k\u0142opot sprawia korzystanie z wy\u017cszych poziom\u00f3w zabudowy.<br \/>Zainstalowanie we wn\u0119trzu garderoby r\u00f3\u017cnego rodzaju wieszak\u00f3w na spodnie, sp\u00f3dnice, krawaty oraz paski przeciwdzia\u0142a ich gnieceniu, daje szanse na korzystanie z nich bez potrzeby ci\u0105g\u0142ego prasowania oraz stwarza mo\u017cliwo\u015b\u0107 segregacji rzeczy. Bardzo wygodne i funkcjonalne s\u0105 wieszaki wysuwane, kt\u00f3re pozwol\u0105 nam \u0142atwo odszuka\u0107 potrzebn\u0105 rzecz, nie poch\u0142aniaj\u0105c czasu na poszukiwania ubra\u0144 w szafie.<\/li><li>P\u0142ytkie i g\u0142\u0119bokie, d\u0142ugie i kr\u00f3tkie- p\u00f3\u0142ki \u2013 to nieod\u0142\u0105czny element ka\u017cdej garderoby. Na ka\u017cdej z nich mo\u017ce znale\u017a\u0107 si\u0119 inny rodzaj ubra\u0144: swetry, bluzki letnie, dresy, bluzy oraz pud\u0142a, w kt\u00f3rych chowamy kapelusze, czapki, szaliki czy r\u0119kawiczki. Po\u015bciel, r\u0119czniki, koce i pledy ze wzgl\u0119du na sw\u00f3j du\u017cy rozmiar narzucaj\u0105 konieczno\u015b\u0107 przechowywania ich na szerokich i g\u0142\u0119bokich p\u00f3\u0142kach. Mo\u017cna stworzy\u0107 oddzielny modu\u0142 tzw. bieli\u017aniarka, na u\u017cytek tego rodzaju rzeczy lub zwyczajnie na najwy\u017cszej kondygnacji garderoby, do kt\u00f3rej nie mamy zwyczaju na co dzie\u0144 zagl\u0105da\u0107.<\/li><li>P\u00f3\u0142ki znajduj\u0105ce si\u0119 najbli\u017cej sufitu s\u0105 idealne miejsce na walizki, plecaki, ko\u0142dry, poduchy i \u015bpiwory.<\/li><li>Rzeczy i drobiazgi, takie jak bielizna, skarpetki czy rajstopy, kt\u00f3re trudno utrzyma\u0107 w porz\u0105dku, najlepiej jest chowa\u0107 w szufladach wykonanych w ca\u0142o\u015bci z p\u0142yty laminowanej. Przewa\u017cnie s\u0105 to szuflady o g\u0142\u0119boko\u015bci 12 cm i szeroko\u015bci 50 cm, ale przewidujemy tak\u017ce g\u0142\u0119bsze i szersze, dostosowane do formy przechowywania.<\/li><li>Wybrane szuflady mo\u017cna ponadto zaopatrzy\u0107 w wyr\u00f3\u017cniaj\u0105ce si\u0119 wk\u0142ady, grupuj\u0105ce ich obszar na mniejsze cz\u0119\u015bci do ustalonego u\u017cytkowania. Umo\u017cliwia to zachowanie \u0142adu i pozwala ustrzec si\u0119 przed zawieruszeniem rzeczy, zw\u0142aszcza drobiazg\u00f3w.<\/li><li>Nie licz\u0105c szuflad, w garderobach niezwykle funkcjonalne s\u0105 r\u00f3wnie\u017c wysuwane, druciane kosze oraz metalowe, a\u017curowe p\u00f3\u0142ki. S\u0105 one wystarczaj\u0105co u\u017cyteczne, gdy\u017c daj\u0105 mo\u017cliwo\u015b\u0107 przejrzenia ich wn\u0119trza bez potrzeby wysuwania. Jest to do\u015b\u0107 pomocne w sytuacjach, kiedy natychmiast chcemy co\u015b odszuka\u0107, a ponadto gwarantuj\u0105 one idealn\u0105 wentylacje zgromadzonym rzeczom. W garderobie w miejscu do tego specjalnie przeznaczonym mo\u017cemy r\u00f3wnie\u017c gromadzi\u0107 obuwie zar\u00f3wno to codzienne jak i sezonowe. Pod tym wzgl\u0119dem najlepsze s\u0105 wysuwane p\u00f3\u0142ki wykonane z p\u0142yty laminowanej i zamocowane na prowadnicach, do kt\u00f3rych mo\u017cna doczepi\u0107 relingowy uchwyt, usytuowane pod w\u0142a\u015bciwym k\u0105tem metalowe dr\u0105\u017cki b\u0119d\u0105ce podpor\u0105 dla buta lub a\u017curowej p\u00f3\u0142ki, kt\u00f3re daj\u0105 mo\u017cliwo\u015b\u0107 \u0142atwego doj\u015bcia do but\u00f3w.<\/li><\/ul><\/div><\/div>\t\t\t\t\t\t<\/div>\n\t\t\t\t<\/div>\n\t\t\t\t\t<\/div>\n\t\t\t\t<\/div>\n\t\t\t\t<\/div>\n\t\t","protected":false},"excerpt":{"rendered":"<p>GARDEROBA Garderob\u0119 mo\u017ce powsta\u0107 w ka\u017cdym pokoju i nie ma znaczenia czy jest on du\u017cy czy ma\u0142y. Wynika to z tego, \u017ce garderoby wykonywane s\u0105 na wymiar i tym samym s\u0105 funkcjonaln\u0105 zabudowie dowolnego k\u0105ta oraz wn\u0119ki. Garderob\u0105 mo\u017ce by\u0107 oddzielne pomieszczenie b\u0105d\u017a zabudowana wn\u0119ka, zale\u017cy to od klienta. W rzeczywisto\u015bci o wachlarzu pomys\u0142\u00f3w, decyduje [&hellip;]<\/p>\n","protected":false},"author":1,"featured_media":0,"parent":16,"menu_order":0,"comment_status":"closed","ping_status":"closed","template":"","meta":{"footnotes":""},"aioseo_notices":[],"_links":{"self":[{"href":"https:\/\/romax-firma.pl\/index.php\/wp-json\/wp\/v2\/pages\/348"}],"collection":[{"href":"https:\/\/romax-firma.pl\/index.php\/wp-json\/wp\/v2\/pages"}],"about":[{"href":"https:\/\/romax-firma.pl\/index.php\/wp-json\/wp\/v2\/types\/page"}],"author":[{"embeddable":true,"href":"https:\/\/romax-firma.pl\/index.php\/wp-json\/wp\/v2\/users\/1"}],"replies":[{"embeddable":true,"href":"https:\/\/romax-firma.pl\/index.php\/wp-json\/wp\/v2\/comments?post=348"}],"version-history":[{"count":4,"href":"https:\/\/romax-firma.pl\/index.php\/wp-json\/wp\/v2\/pages\/348\/revisions"}],"predecessor-version":[{"id":353,"href":"https:\/\/romax-firma.pl\/index.php\/wp-json\/wp\/v2\/pages\/348\/revisions\/353"}],"up":[{"embeddable":true,"href":"https:\/\/romax-firma.pl\/index.php\/wp-json\/wp\/v2\/pages\/16"}],"wp:attachment":[{"href":"https:\/\/romax-firma.pl\/index.php\/wp-json\/wp\/v2\/media?parent=348"}],"curies":[{"name":"wp","href":"https:\/\/api.w.org\/{rel}","templated":true}]}}